{"id":127,"date":"2020-12-03T20:38:48","date_gmt":"2020-12-03T20:38:48","guid":{"rendered":"https:\/\/mers.uaz.edu.mx\/?page_id=127"},"modified":"2020-12-03T20:43:07","modified_gmt":"2020-12-03T20:43:07","slug":"dr-saul-robles-soto","status":"publish","type":"page","link":"https:\/\/mers.uaz.edu.mx\/en\/nucleo-academico-basico-2\/dr-saul-robles-soto\/","title":{"rendered":"Dr. Sa\u00fal Robles Soto"},"content":{"rendered":"<figure class=\"wp-block-image size-large\"><img loading=\"lazy\" width=\"293\" height=\"172\" src=\"https:\/\/mers.uaz.edu.mx\/wp-content\/uploads\/2020\/12\/Saul.jpg\" alt=\"\" class=\"wp-image-128\"\/><\/figure>\n\n\n\n<p><strong>Postdoctoral in new forms of business control and management<\/strong><\/p>\n\n\n\n<p><strong>Doctor of Economic Sciences<\/strong><\/p>\n\n\n\n<p><strong>Prodep profile<\/strong><\/p>\n\n\n\n<p><strong>Academic body:<\/strong> UAZ-CA-111, sector and regional studies<\/p>\n\n\n\n<p><strong>Research lines:<\/strong> sector studies and socio -economic implications.<\/p>\n\n\n\n<p>Industrialization, Industrial Economy<\/p>\n\n\n\n<p><strong>Teaching Area:<\/strong> Microeconomics, Macroeconomics, Technological Change, Innovation and Competitiveness, Sector Analysis<\/p>\n\n\n\n<p><strong>PUBLICATIONS:<\/strong>several asymmetries and economic symmetries between Zacatecas and Guanajuato, Indeuthor Registration number: 03-2017-0302105244400-01, March 2, 2017; Journal-International Economy December 2018 Vol.2 No.3 30-38 Mining of Natural Resources in the State of Zacatecas, 2010-2018; Book actors and regions against the neoliberal model in Zacatecas, Ed. Colof\u00f3n, September 2017, chapter the importance of industrialization in the central-north region of Mexico, ISBN 978-607-8563-66-1, Mexico 2017; Text The agricultural sector in Mexico and Zacatecas, article five relevant aspects for agriculture in Mexico and Zacatecas, 2012-2018, Ed Colf\u00f3n, 2019, ISBN 978-607-8663-46-0 ,; The Innovations in the Mexican Education in XXI Century, Journal of Advances in Social Science and Humanities, Jassh 4 (3) 25 36 (2018), ISSN 2536201: Book Educational Research on Educational Problems and Society, chapter , ISBN 978-607-9455-82-8, ED JP, September 2018; The mining predation of natural resources in the state of Zacatecas, 2010-2018, Indouthor number 03-2019-030714301700-01, SEP, Mexico, March 21, 2019. Research projects: the industrialization failed in the state of Zacatecas, 2016-2020, with UAZ-2018-37696 registration; The economic importance of foreign direct investment in Mexico and Zacatecas, 2010-2016, with CYP, UAZ-2016-36568 registration, completed in October 2018;&nbsp;<\/p>\n\n\n\n<p><strong>Brief curricular synthesis<\/strong><\/p>\n\n\n\n<p>CONACYT evaluator<\/p>\n\n\n\n<p>Author of three texts referring to economic issues.<\/p>\n\n\n\n<p>Collaborator of book chapters in 10 texts related to economic science.<\/p>\n\n\n\n<p>Author of scientific articles in international magazines<\/p>\n\n\n\n<p>Author of scientific articles in national magazines.<\/p>\n\n\n\n<p>National and international conferences.<\/p>\n\n\n\n<p>Responsible for research projects with economic impact in the state of Zacatecas.<\/p>","protected":false},"excerpt":{"rendered":"<p>POSTDOCTORADO EN NUEVAS FORMAS DE CONTROL Y DIRECCI\u00d3N DE EMPRESAS DOCTOR EN CIENCIAS ECON\u00d3MICAS PERFIL PRODEP CUERPO ACAD\u00c9MICO: UAZ-CA-111, ESTUDIOS SECTORIALES Y REGIONALES LINEAS DE INVESTIGACI\u00d3N: ESTUDIOS SECTORIALES E IMPLICACIONES SOCIOECON\u00d3MICAS. INDUSTRIALIZACI\u00d3N, ECONOM\u00cdA INDUSTRIAL \u00c1REA DE DOCENCIA: MICROECONOM\u00cdA, MACROECONOM\u00cdA, CAMBIO TECNOL\u00d3GICO, INNOVACI\u00d3N Y COMPETITITIVIDAD, AN\u00c1LISIS SECTORIAL PUBLICACIONES:: Varias asimetr\u00edas y simetr\u00edas econ\u00f3micas entre Zacatecas y &hellip; <\/p>\n<p class=\"link-more\"><a href=\"https:\/\/mers.uaz.edu.mx\/en\/nucleo-academico-basico-2\/dr-saul-robles-soto\/\" class=\"more-link\">Continue reading<span class=\"screen-reader-text\"> &#8220;Dr. Sa\u00fal Robles Soto&#8221;<\/span><\/a><\/p>","protected":false},"author":1,"featured_media":0,"parent":71,"menu_order":0,"comment_status":"closed","ping_status":"closed","template":"","meta":[],"_links":{"self":[{"href":"https:\/\/mers.uaz.edu.mx\/en\/wp-json\/wp\/v2\/pages\/127"}],"collection":[{"href":"https:\/\/mers.uaz.edu.mx\/en\/wp-json\/wp\/v2\/pages"}],"about":[{"href":"https:\/\/mers.uaz.edu.mx\/en\/wp-json\/wp\/v2\/types\/page"}],"author":[{"embeddable":true,"href":"https:\/\/mers.uaz.edu.mx\/en\/wp-json\/wp\/v2\/users\/1"}],"replies":[{"embeddable":true,"href":"https:\/\/mers.uaz.edu.mx\/en\/wp-json\/wp\/v2\/comments?post=127"}],"version-history":[{"count":1,"href":"https:\/\/mers.uaz.edu.mx\/en\/wp-json\/wp\/v2\/pages\/127\/revisions"}],"predecessor-version":[{"id":129,"href":"https:\/\/mers.uaz.edu.mx\/en\/wp-json\/wp\/v2\/pages\/127\/revisions\/129"}],"up":[{"embeddable":true,"href":"https:\/\/mers.uaz.edu.mx\/en\/wp-json\/wp\/v2\/pages\/71"}],"wp:attachment":[{"href":"https:\/\/mers.uaz.edu.mx\/en\/wp-json\/wp\/v2\/media?parent=127"}],"curies":[{"name":"wp","href":"https:\/\/api.w.org\/{rel}","templated":true}]}}