{"id":134,"date":"2020-12-03T21:05:07","date_gmt":"2020-12-03T21:05:07","guid":{"rendered":"https:\/\/mers.uaz.edu.mx\/?page_id=134"},"modified":"2020-12-03T21:05:07","modified_gmt":"2020-12-03T21:05:07","slug":"dr-arturo-burnes-ortiz","status":"publish","type":"page","link":"https:\/\/mers.uaz.edu.mx\/en\/dr-arturo-burnes-ortiz\/","title":{"rendered":"Dr. Arturo Burnes Ortiz"},"content":{"rendered":"<p><\/p>\n\n\n\n<p>Doctor en Estudios Latinoamericanos por la UNAM<\/p>\n\n\n\n<p>Perfil PRODEP per\u00edodo 2018-2021<\/p>\n\n\n\n<p>Integrante del Cuerpo Acad\u00e9mico acreditado Econom\u00eda Regional<\/p>\n\n\n\n<p><em>L\u00edneas de Investigaci\u00f3n<\/em>:<\/p>\n\n\n\n<ol type=\"1\"><li><em>Historia Econ\u00f3mica de Zacatecas<\/em><ol><li><em>Regulaci\u00f3n minera y desarrollo regional<\/em>. El impacto del impuesto minero en la econom\u00eda zacatecana, dentro del proyecto colectivo <em>Crecimiento y desarrollo econ\u00f3mico en Zacatecas<\/em> del Cuerpo Acad\u00e9mico Econom\u00eda Regional<\/li><\/ol><ol><li><em>Modernidad trunca y desigualdad estructural en Zacatecas: las ra\u00edces del atraso<\/em><\/li><\/ol><ol><li><em>El desarrollo regional ante la internacionalizaci\u00f3n del capital:<\/em> un balance cr\u00edtico del caso de Zacatecas<\/li><\/ol><\/li><\/ol>\n\n\n\n<p><em>\u00c1rea de Docencia<\/em>: Historia Econ\u00f3mica; Econom\u00eda Regional<\/p>\n\n\n\n<p><em>Publications<\/em>:<\/p>\n\n\n\n<ol type=\"I\"><li><em>Libros<\/em>:<\/li><\/ol>\n\n\n\n<ol type=\"1\"><li><em>La miner\u00eda en la historia econ\u00f3mica de Zacatecas (1546-1876)<\/em>. Zacatecas, Departamento Editorial de la Universidad Aut\u00f3noma de Zacatecas (Col. Contraimperio, 4), 2008, Tercera&nbsp; Edici\u00f3n, 224 pp.<\/li><li><em>Zacatecas: desarrollo econ\u00f3mico regional<\/em> (coord.). Zacatecas, M\u00e9xico, Coordinaci\u00f3n de Investigaci\u00f3n y Posgrado de la Universidad Aut\u00f3noma de Zacatecas, 2009.<\/li><li><em>La imaginaci\u00f3n social en Zacatecas: una aproximaci\u00f3n historiogr\u00e1fica<\/em>. Zacatecas, Taberna Libraria Editores, Universidad Aut\u00f3noma de Zacatecas, SPAUAZ, 2012.<\/li><li>Arturo Burnes Ortiz y Juan Manuel Padilla (coordinadores), <em>Zacatecas hoy. Nueve ensayos sobre econom\u00eda y sociedad<\/em>. Zacatecas, M\u00e9xico, Universidad Aut\u00f3noma de Zacatecas, 2014.<\/li><li><em>El drama de la miner\u00eda mexicana. Del pacto colonial a la globalizaci\u00f3n&nbsp; contempor\u00e1nea<\/em>, Segunda edici\u00f3n. M\u00e9xico, Miguel \u00c1ngel Porr\u00faa\/ Universidad Aut\u00f3noma de Zacatecas, 2018.<\/li><\/ol>\n\n\n\n<ol type=\"I\"><li><em>Ensayos y art\u00edculos<\/em>:<\/li><\/ol>\n\n\n\n<ol type=\"1\"><li>\u201cLos retos interpretativos del desarrollo regional a la vuelta del nuevo siglo\u201d, en: Revista <em>Investigaci\u00f3n Cient\u00edfica<\/em>, Vol. 4, N\u00fam. 2. Nueva \u00c9poca. Zacatecas, CIP\/UAZ, mayo-agosto de 2008.<\/li><li>\u201cMiner\u00eda y desarrollo regional en Zacatecas. Un balance cr\u00edtico\u201d, en. Gian Carlo Delgado-Ramos (coord.), <em>Ecolog\u00eda pol\u00edtica de la miner\u00eda en Am\u00e9rica Latina. Aspectos socioecon\u00f3micos, legales y ambientales de la megaminer\u00eda<\/em>. M\u00e9xico, UNAM, 2010, pp. 183-211.<\/li><li>\u201c\u00bfMiner\u00eda es destino?\u201d, en: Garc\u00eda Zamora, Rodolfo y Francisco Javier Contreras D\u00edaz (coords.), <em>Seminario Estatal de Universitarios: por una nueva estrategia de desarrollo integral para Zacatecas<\/em>, Vol. II. Zacatecas, Universidad Aut\u00f3noma de Zacatecas-Unidad Acad\u00e9mica de Econom\u00eda-Unidad Acad\u00e9mica de Estudios del Desarrollo, 2012, pp. 7-23.<\/li><li>\u201cEl reto sindical de la reestructuraci\u00f3n universitaria\u201d, en: <em>Observatorio del desarrollo<\/em>, Vol. III, N\u00fam. 11. Zacatecas, UAZ\/Doctorado en estudios del desarrollo, julio-septiembre de 2014, pp. 73-76.<\/li><li>\u201cEl siglo veinte zacatecano: visi\u00f3n retrospectiva del sector agrominero y las tendencias contempor\u00e1neas\u201d, en: Sa\u00fal Robles Soto (coordinador), <em>Alcances y limitaciones del neoliberalismo en M\u00e9xico y Zacatecas<\/em>, Zacatecas, UAE-UAZ, 2015.<\/li><li>\u201cEl capital en el siglo XXI\u201d, en: <em>Dosfilos<\/em>, N\u00fam. 131. M\u00e9xico, julio-agosto de 2016, pp. 40-42.<\/li><\/ol>\n\n\n\n<ol type=\"1\" start=\"7\"><li>\u201cEl nuevo modelo extractivista y sus expresiones a nivel regional: el caso de Zacatecas\u201d, en: Jos\u00e9 D\u00e9niz y Eugenia Correa (coords.), <em>Estrategias primario-exportadoras en un mundo global<\/em>. M\u00e9xico, Universidad Aut\u00f3noma de Zacatecas-Miguel \u00c1ngel Porr\u00faa, 2016, pp. 93-127.<\/li><li>\u201cImpuestos y miner\u00eda: los alcances de la pol\u00edtica fiscal para el desarrollo econ\u00f3mico\u201d, en: Leobardo Ch\u00e1vez, Rigoberto Jim\u00e9nez y Aldo A. P\u00e9rez, <em>Actores y regiones frente al modelo neoliberal en Zacatecas<\/em>. M\u00e9xico, Eds. Colof\u00f3n, 2017, pp. 37-60.<\/li><li>\u201cLa UAZ al filo del agua\u201d, en: <em>Observatorio del desarrollo<\/em>, Vol. 8, N\u00fam. 22. Zacatecas, Unidad Acad\u00e9mica de Estudios del Desarrollo de la UAZ, enero-abril de 2019, pp. 57-62.<\/li><li>\u201cZacatecas: m\u00e1s all\u00e1 de Pe\u00f1asquito\u201d, en: Marciano Netzahualcoyotzi M\u00e9ndez, Ricardo Olivares Talavera, Jos\u00e9 Juan Ju\u00e1rez Flores, Miguel \u00c1ngel Aristeo Pineda Ram\u00edrez (coordinadores), <em>Tiempos y regiones. historias de las sociedades rurales de M\u00e9xico, siglos XVI al XXI<\/em>. M\u00e9xico, Universidad Aut\u00f3noma de Tlaxcala, Facultad de Filosof\u00eda y Letras, 2019, pp. 150-173.<\/li><li>\u201cLos nuevos cercamientos de nuestro tiempo\u201d, en: <em>Corre, Conejo<\/em>, 120. Zacatecas, Edit. Dos Filos, enero-febrero de 2020, pp. 13-14.<\/li><li>\u201cla teor\u00eda econ\u00f3mica frente al desastre ambiental\u201d, en: <em>Corre, Conejo, <\/em>121. Zacatecas, Edit. Dos Filos, septiembre-octubre de 2020, pp. 13-14.<\/li><\/ol>\n\n\n\n<p><em>Brief curricular synthesis<\/em>:<\/p>\n\n\n\n<p>Realiz\u00f3 estudios de Licenciatura en Econom\u00eda en la Facultad de Econom\u00eda de la Universidad Aut\u00f3noma de Zacatecas.<\/p>\n\n\n\n<p>Es Doctor en Estudios Latinoamericanos por la Facultad de Ciencias Pol\u00edticas y Sociales de la UNAM.<\/p>\n\n\n\n<p>Fungi\u00f3 como Coordinador Operativo del H. Consejo Universitario de la UAZ, de noviembre de 1993 a noviembre de 1995.<\/p>\n\n\n\n<p>Se desempe\u00f1\u00f3 como Secretario General del SPAUAZ, de mayo de 2002 a mayo de 2005.<\/p>\n\n\n\n<p>Es coordinador de la Academia de Historia Acad\u00e9mica de la Unidad Acad\u00e9mica de Econom\u00eda de la UAZ.<\/p>\n\n\n\n<p>Es autor de varios art\u00edculos y ensayos; es columnista de <em>Corre, Conejo<\/em>; autor de tres libros, coordinador de dos y coautor de seis m\u00e1s sobre el tema minero en M\u00e9xico y Zacatecas, y la historia y econom\u00eda regional.<\/p>\n\n\n\n<p>Es perfil PRODEP y miembro del Cuerpo Acad\u00e9mico acreditado Econom\u00eda Regional.<\/p>\n\n\n\n<p>&nbsp;Actualmente se desempe\u00f1a como docente-investigador de tiempo completo en la Unidad Acad\u00e9mica de Econom\u00eda de la UAZ, en el \u00e1rea de historia econ\u00f3mica y econom\u00eda regional.<\/p>","protected":false},"excerpt":{"rendered":"<p>Doctor en Estudios Latinoamericanos por la UNAM Perfil PRODEP per\u00edodo 2018-2021 Integrante del Cuerpo Acad\u00e9mico acreditado Econom\u00eda Regional L\u00edneas de Investigaci\u00f3n: Historia Econ\u00f3mica de Zacatecas Regulaci\u00f3n minera y desarrollo regional. El impacto del impuesto minero en la econom\u00eda zacatecana, dentro del proyecto colectivo Crecimiento y desarrollo econ\u00f3mico en Zacatecas del Cuerpo Acad\u00e9mico Econom\u00eda Regional Modernidad &hellip; <\/p>\n<p class=\"link-more\"><a href=\"https:\/\/mers.uaz.edu.mx\/en\/dr-arturo-burnes-ortiz\/\" class=\"more-link\">Continue reading<span class=\"screen-reader-text\"> &#8220;Dr. Arturo Burnes Ortiz&#8221;<\/span><\/a><\/p>","protected":false},"author":1,"featured_media":0,"parent":0,"menu_order":0,"comment_status":"closed","ping_status":"closed","template":"","meta":[],"_links":{"self":[{"href":"https:\/\/mers.uaz.edu.mx\/en\/wp-json\/wp\/v2\/pages\/134"}],"collection":[{"href":"https:\/\/mers.uaz.edu.mx\/en\/wp-json\/wp\/v2\/pages"}],"about":[{"href":"https:\/\/mers.uaz.edu.mx\/en\/wp-json\/wp\/v2\/types\/page"}],"author":[{"embeddable":true,"href":"https:\/\/mers.uaz.edu.mx\/en\/wp-json\/wp\/v2\/users\/1"}],"replies":[{"embeddable":true,"href":"https:\/\/mers.uaz.edu.mx\/en\/wp-json\/wp\/v2\/comments?post=134"}],"version-history":[{"count":1,"href":"https:\/\/mers.uaz.edu.mx\/en\/wp-json\/wp\/v2\/pages\/134\/revisions"}],"predecessor-version":[{"id":136,"href":"https:\/\/mers.uaz.edu.mx\/en\/wp-json\/wp\/v2\/pages\/134\/revisions\/136"}],"wp:attachment":[{"href":"https:\/\/mers.uaz.edu.mx\/en\/wp-json\/wp\/v2\/media?parent=134"}],"curies":[{"name":"wp","href":"https:\/\/api.w.org\/{rel}","templated":true}]}}