{"id":150,"date":"2020-12-04T18:58:21","date_gmt":"2020-12-04T18:58:21","guid":{"rendered":"https:\/\/mers.uaz.edu.mx\/?page_id=150"},"modified":"2020-12-04T18:58:21","modified_gmt":"2020-12-04T18:58:21","slug":"dr-humberto-de-luna-lopez","status":"publish","type":"page","link":"https:\/\/mers.uaz.edu.mx\/en\/dr-humberto-de-luna-lopez\/","title":{"rendered":"Dr. Humberto de Luna L\u00f3pez"},"content":{"rendered":"<figure class=\"wp-block-image size-large\"><img loading=\"lazy\" width=\"280\" height=\"323\" src=\"https:\/\/mers.uaz.edu.mx\/wp-content\/uploads\/2020\/12\/humberto.jpeg\" alt=\"\" class=\"wp-image-151\" srcset=\"https:\/\/mers.uaz.edu.mx\/wp-content\/uploads\/2020\/12\/humberto.jpeg 280w, https:\/\/mers.uaz.edu.mx\/wp-content\/uploads\/2020\/12\/humberto-260x300.jpeg 260w\" sizes=\"(max-width: 280px) 100vw, 280px\" \/><\/figure>\n\n\n\n<figure class=\"wp-block-table is-style-regular\"><table><tbody><tr><td>PRODEP Profile<\/td><td>PRODEP profile, valid from 2006 to date<\/td><\/tr><tr><td>SNI<\/td><td>Level 1<\/td><\/tr><tr><td>Academic body<\/td><td>Public Policy UAZ-118 Consolidated<\/td><\/tr><tr><td>Lines of investigation<\/td><td>Public Policies in the Agricultural Sector Gender and public policies &nbsp;<\/td><\/tr><tr><td>teaching area<\/td><td>Investigation<\/td><\/tr><tr><td>Publications<\/td><td>Co-authored article: Irregular human settlements in Guadalupe, Zacatecas-Mexico (2020), Inclusion &amp; Development Magazine, Colombia. Collective compiler of the book: Migration, economy and education in Latin American perspective (2019), Colegio de Jalisco, Mexico. Collective-coordinator book: Zacatecan views: the national problems of women and men (2019), Editorial Colof\u00f3n, Mexico. Co-authored book: Transfers of peasant women from Zacatecas to the economic system in authorship (2018)-Editorial Colof\u00f3n, Mexico. Individual book chapter: Migration and peasant women (2018)-Editorial Plaza y Valdes, Mexico. Individual book: From the fire to the stove. The peasant woman from Zacatecas in neoliberalism (2017)-Editorial Fontamara, Mexico. Book chapter: Labor markets for rural women in Latin America (2016)-University Press of the South New Orleans, USA. &nbsp;<\/td><\/tr><tr><td>Brief curricular synthesis<\/td><td>Professor-Researcher at UAZ since 1984. His academic development has focused on economic policy in Latin America, international trade, research and funding sources, workshops and research seminars. It is in research where he has concentrated his production most, standing out for the field work to generate his academic products and keep the link of the University with society, having as a bridge the work with the government at its different levels. He is also a speaker and participant in national and international congresses, in which he guarantees the presence of students who carry out research on real problems from the economy.<\/td><\/tr><\/tbody><\/table><\/figure>","protected":false},"excerpt":{"rendered":"<p>Perfil PRODEP Perfil PRODEP, vigente desde el 2006 a la fecha SNI Nivel 1 Cuerpo acad\u00e9mico Pol\u00edticas P\u00fablicas UAZ-118 Consolidado L\u00edneas de investigaci\u00f3n Pol\u00edticas P\u00fablicas en el Sector Agropecuario G\u00e9nero y pol\u00edticas p\u00fablicas &nbsp; \u00c1rea de docencia Investigaci\u00f3n Publicaciones Art\u00edculo en coautor\u00eda: Los asentamientos humanos irregulares en Guadalupe, Zacatecas-M\u00e9xico (2020), Revista Inclusi\u00f3n &amp; Desarrollo, Colombia. &hellip; <\/p>\n<p class=\"link-more\"><a href=\"https:\/\/mers.uaz.edu.mx\/en\/dr-humberto-de-luna-lopez\/\" class=\"more-link\">Continue reading<span class=\"screen-reader-text\"> &#8220;Dr. Humberto de Luna L\u00f3pez&#8221;<\/span><\/a><\/p>","protected":false},"author":1,"featured_media":0,"parent":0,"menu_order":0,"comment_status":"closed","ping_status":"closed","template":"","meta":[],"_links":{"self":[{"href":"https:\/\/mers.uaz.edu.mx\/en\/wp-json\/wp\/v2\/pages\/150"}],"collection":[{"href":"https:\/\/mers.uaz.edu.mx\/en\/wp-json\/wp\/v2\/pages"}],"about":[{"href":"https:\/\/mers.uaz.edu.mx\/en\/wp-json\/wp\/v2\/types\/page"}],"author":[{"embeddable":true,"href":"https:\/\/mers.uaz.edu.mx\/en\/wp-json\/wp\/v2\/users\/1"}],"replies":[{"embeddable":true,"href":"https:\/\/mers.uaz.edu.mx\/en\/wp-json\/wp\/v2\/comments?post=150"}],"version-history":[{"count":1,"href":"https:\/\/mers.uaz.edu.mx\/en\/wp-json\/wp\/v2\/pages\/150\/revisions"}],"predecessor-version":[{"id":153,"href":"https:\/\/mers.uaz.edu.mx\/en\/wp-json\/wp\/v2\/pages\/150\/revisions\/153"}],"wp:attachment":[{"href":"https:\/\/mers.uaz.edu.mx\/en\/wp-json\/wp\/v2\/media?parent=150"}],"curies":[{"name":"wp","href":"https:\/\/api.w.org\/{rel}","templated":true}]}}