{"id":155,"date":"2020-12-04T19:05:00","date_gmt":"2020-12-04T19:05:00","guid":{"rendered":"https:\/\/mers.uaz.edu.mx\/?page_id=155"},"modified":"2020-12-04T19:05:00","modified_gmt":"2020-12-04T19:05:00","slug":"dra-marisol-cruz-cruz","status":"publish","type":"page","link":"https:\/\/mers.uaz.edu.mx\/en\/dra-marisol-cruz-cruz\/","title":{"rendered":"Dra. Marisol Cruz Cruz"},"content":{"rendered":"<figure class=\"wp-block-image size-large is-resized\"><img loading=\"lazy\" src=\"https:\/\/mers.uaz.edu.mx\/wp-content\/uploads\/2020\/12\/marisol.jpeg\" alt=\"\" class=\"wp-image-156\" width=\"320\" height=\"214\" srcset=\"https:\/\/mers.uaz.edu.mx\/wp-content\/uploads\/2020\/12\/marisol.jpeg 420w, https:\/\/mers.uaz.edu.mx\/wp-content\/uploads\/2020\/12\/marisol-300x200.jpeg 300w\" sizes=\"(max-width: 320px) 100vw, 320px\" \/><\/figure>\n\n\n\n<figure class=\"wp-block-table\"><table><tbody><tr><td>PRODEP Profile<\/td><td>Yes, current<\/td><\/tr><tr><td>SNI<\/td><td>Level 1<\/td><\/tr><tr><td>Academic body<\/td><td>Public Policy UAZ-118 Consolidated<\/td><\/tr><tr><td>Lines of investigation<\/td><td>Gender and public policies Socioeconomic problems of men and women in Latin American territories Regional dynamics of work.<\/td><\/tr><tr><td>teaching area<\/td><td>Investigation<\/td><\/tr><tr><td>Publications<\/td><td>Co-authored article: Irregular human settlements in Guadalupe, Zacatecas-Mexico (2020) Coordination of collective book: Rural peasant women and men: socioeconomic activities between the surplus and the active (2019) Co-authored book: The Transfers of peasant women from Zacatecas to the economic system in authorship (2018) Individual book: Religious ethics and economic culture of the Mennonites of La Honda, Miguel Auza, Zacatecas (2018). &nbsp;<\/td><\/tr><tr><td>Brief curricular synthesis<\/td><td>Professor-Researcher at UAZ since 2012. He has worked mainly in the Research area, where collective and team work is essential, by teaching subjects to prepare essays, theses, dissertations, articles, books, book chapters, reports research or products for national and international conferences. It also participates in University-Society-Government linkage projects at different levels on problems that afflict men and women by age segments, with clear visibility of women. In addition to advising and guaranteeing the qualification of undergraduate and postgraduate students in the short term, it also carries out collective work for the organization and management of academic events.<\/td><\/tr><\/tbody><\/table><\/figure>","protected":false},"excerpt":{"rendered":"<p>Perfil PRODEP Si, vigente SNI Nivel 1 Cuerpo acad\u00e9mico Pol\u00edticas P\u00fablicas UAZ-118 Consolidado L\u00edneas de investigaci\u00f3n G\u00e9nero y pol\u00edticas p\u00fablicas Problemas Socioecon\u00f3micos de los hombres y las mujeres en territorios latinoamericanos Din\u00e1micas regionales del trabajo \u00c1rea de docencia Investigaci\u00f3n Publicaciones Art\u00edculo en coautor\u00eda: Los asentamientos humanos irregulares en Guadalupe, Zacatecas-M\u00e9xico (2020) Coordinaci\u00f3n de libro en &hellip; <\/p>\n<p class=\"link-more\"><a href=\"https:\/\/mers.uaz.edu.mx\/en\/dra-marisol-cruz-cruz\/\" class=\"more-link\">Continue reading<span class=\"screen-reader-text\"> &#8220;Dra. Marisol Cruz Cruz&#8221;<\/span><\/a><\/p>","protected":false},"author":1,"featured_media":0,"parent":0,"menu_order":0,"comment_status":"closed","ping_status":"closed","template":"","meta":[],"_links":{"self":[{"href":"https:\/\/mers.uaz.edu.mx\/en\/wp-json\/wp\/v2\/pages\/155"}],"collection":[{"href":"https:\/\/mers.uaz.edu.mx\/en\/wp-json\/wp\/v2\/pages"}],"about":[{"href":"https:\/\/mers.uaz.edu.mx\/en\/wp-json\/wp\/v2\/types\/page"}],"author":[{"embeddable":true,"href":"https:\/\/mers.uaz.edu.mx\/en\/wp-json\/wp\/v2\/users\/1"}],"replies":[{"embeddable":true,"href":"https:\/\/mers.uaz.edu.mx\/en\/wp-json\/wp\/v2\/comments?post=155"}],"version-history":[{"count":1,"href":"https:\/\/mers.uaz.edu.mx\/en\/wp-json\/wp\/v2\/pages\/155\/revisions"}],"predecessor-version":[{"id":158,"href":"https:\/\/mers.uaz.edu.mx\/en\/wp-json\/wp\/v2\/pages\/155\/revisions\/158"}],"wp:attachment":[{"href":"https:\/\/mers.uaz.edu.mx\/en\/wp-json\/wp\/v2\/media?parent=155"}],"curies":[{"name":"wp","href":"https:\/\/api.w.org\/{rel}","templated":true}]}}