{"id":170,"date":"2020-12-15T20:33:07","date_gmt":"2020-12-15T20:33:07","guid":{"rendered":"https:\/\/mers.uaz.edu.mx\/?page_id=170"},"modified":"2020-12-15T20:42:11","modified_gmt":"2020-12-15T20:42:11","slug":"miguel-esparza-flores","status":"publish","type":"page","link":"https:\/\/mers.uaz.edu.mx\/en\/miguel-esparza-flores\/","title":{"rendered":"Dr. Miguel Esparza Flores"},"content":{"rendered":"<figure class=\"wp-block-image size-large is-resized\"><img loading=\"lazy\" src=\"https:\/\/mers.uaz.edu.mx\/wp-content\/uploads\/2020\/12\/Miguel-Esparza.jpg\" alt=\"\" class=\"wp-image-168\" width=\"306\" height=\"354\" srcset=\"https:\/\/mers.uaz.edu.mx\/wp-content\/uploads\/2020\/12\/Miguel-Esparza.jpg 587w, https:\/\/mers.uaz.edu.mx\/wp-content\/uploads\/2020\/12\/Miguel-Esparza-259x300.jpg 259w\" sizes=\"(max-width: 306px) 100vw, 306px\" \/><\/figure>\n\n\n\n<p><strong>Educaci\u00f3n<\/strong><\/p>\n\n\n\n<p>Licenciado en Econom\u00eda<\/p>\n\n\n\n<p>Universidad Aut\u00f3noma de Zacatecas, M\u00e9xico.<\/p>\n\n\n\n<p>Maestr\u00eda en Econom\u00eda<\/p>\n\n\n\n<p>Universidad Aut\u00f3noma de Zacatecas, M\u00e9xico.<\/p>\n\n\n\n<p>Estudios de Doctorado en Econom\u00eda Internacional y Desarrollo<\/p>\n\n\n\n<p>Universidad De Barcelona, Espa\u00f1a.<\/p>\n\n\n\n<p>Doctor en Estudio del Desarrollo<\/p>\n\n\n\n<p>Universidad Aut\u00f3noma de Zacatecas, M\u00e9xico.<\/p>\n\n\n\n<p><strong>Experiencia Profesional<\/strong><\/p>\n\n\n\n<p>Docente de La Licenciatura en Econom\u00eda de la Universidad Aut\u00f3noma de Zacatecas, M\u00e9xico.<\/p>\n\n\n\n<p>Docente de la Maestr\u00eda en Econom\u00eda Regional y Sectorial de la Universidad Aut\u00f3noma de Zacatecas, M\u00e9xico.<\/p>\n\n\n\n<p><strong>Lines of investigation<\/strong><\/p>\n\n\n\n<p>Mercado Laboral, Econom\u00eda, Medio Ambiente y Sustentabilidad, Econom\u00eda del Crecimiento y Desarrollo<\/p>\n\n\n\n<p><strong>\u00c1rea docencia<\/strong><\/p>\n\n\n\n<p>Econom\u00eda Regional y Urbana, Econom\u00eda y medio ambiente, Teor\u00eda del crecimiento, Econom\u00eda contempor\u00e1nea<\/p>\n\n\n\n<p><strong>Asociaciones y participaciones<\/strong><\/p>\n\n\n\n<p>Miembro de la Asociaci\u00f3n Mexicana de Ciencias para el Desarrollo Regional A.C. (AMECIDER), M\u00e9xico.<\/p>\n\n\n\n<p>Miembro de la Asociaci\u00f3n Mexicana de Estudios Rurales (AMER), M\u00e9xico.<\/p>\n\n\n\n<p>Sistema Nacional de Investigadores nivel 1<\/p>\n\n\n\n<p>PRODEP Profile<\/p>\n\n\n\n<p>Miembro del Cuerpo Acad\u00e9mico Consolidado de Econom\u00eda Regional<\/p>\n\n\n\n<p><strong>S\u00edntesis de Publicaciones<\/strong><\/p>\n\n\n\n<p>2011. Estructura productiva y ocupaci\u00f3n informal en Zacatecas bajo la \u00e9gida neoliberal. En S\u00e1nchez A. y Le\u00f3n T. L., <em>El futuro del Desarrollo Regional sustentable. Territorio, sociedad y gobierno<\/em>. IIEC-UNAM, M\u00e9xico.<\/p>\n\n\n\n<p>2011. Zacatecas. Desarticulaci\u00f3n productiva y estrechamiento del mercado laboral. En <em>El trabajo en la crisis: desaf\u00edos y oportunidades<\/em>, VI Congreso de la Asociaci\u00f3n Mexicana de Estudios del Trabajo (AMET), M\u00e9xico.<\/p>\n\n\n\n<p>2012. La industria textil en el municipio de Luis Moya Zacatecas: ocupaci\u00f3n y condiciones de trabajo. En Amecider, <em>Posicionamiento Mundial y estrategias<\/em>, Primer Congreso Iberoamericano sobre Desarrollo Regional<em>.<\/em> M\u00e9xico.<\/p>\n\n\n\n<p>2012. (Coautor\u00eda con la Dra. Ma. Cristina Rec\u00e9ndez y M.C. Marco Antonio Torres Inguanzo) Modelo de Pol\u00edtica P\u00fablica impulsados por el Estado, Violencia, miedo e inseguridad ciudadana fomentada por la prensa. En <em>Investigaci\u00f3n social para el siglo XXI: diversidad y nuevos desaf\u00edos para la investigaci\u00f3n y la intervenci\u00f3n social<\/em>. M\u00e9xico.<\/p>\n\n\n\n<p>2012. Consideraciones sobre la especializaci\u00f3n productiva y la insustentabilidad ecol\u00f3gica en Zacatecas. En Rivera P. y Foladori G. (Coords.), <em>Medio Ambiente e insustentabilidad en Zacatecas<\/em>, Ed. El Colegio de la Frontera Norte. M\u00e9xico.<\/p>\n\n\n\n<p>2012. Empleo insuficiente y deterioro de las condiciones laborales en Zacatecas en los albores del nuevo siglo. En <em>Paradigma Econ\u00f3mico, revista de Econom\u00eda regional y sectorial<\/em>. FEUAEM, M\u00e9xico.<\/p>\n\n\n\n<p>2014. Globalizaci\u00f3n y regi\u00f3n. La estructura econ\u00f3mica en la regi\u00f3n centro de Zacatecas. En Burnes O. A. y Padilla J. M. (Coords.), Zacatecas hoy. Nueve ensayos sobre econom\u00eda y sociedad. UAZ. M\u00e9xico.<\/p>\n\n\n\n<p>2014. Ocupaci\u00f3n y polarizaci\u00f3n social y regional en Zacatecas. En Serrano S. E., <em>et al<\/em> (coord.), <em>Din\u00e1mica espacial, impactos externos en M\u00e9xico y perspectivas del Desarrollo Regional<\/em>. UNAM.<\/p>\n\n\n\n<p>2015. Concentraci\u00f3n, contaminaci\u00f3n urbana e insuficiencia de la gesti\u00f3n ambiental en Zacatecas. En Serrano S. E. (coord.), <em>Pasado, presente y futuro de las regiones en M\u00e9xico y su estudio<\/em>. UNAM.<\/p>\n\n\n\n<p>2015. Miguel Esparza Flores y Cristina Rec\u00e9ndez Guerrero. La econom\u00eda y el mercado de trabajo zacatecano. Un balance contra la difundida econom\u00eda ficci\u00f3n. En Octavio Maza, <em>et al<\/em> (coord.), <em>El trabajo que M\u00e9xico Necesita<\/em>. AMET. M\u00e9xico.<\/p>\n\n\n\n<p>2015. Miguel Esparza Flores. Zacatecas: trabajadores rurales. Entre la precariedad y el desempleo. En Los desaf\u00edos del M\u00e9xico Rural en el siglo XXI. M\u00e9xico<\/p>\n\n\n\n<p>2016. Zacatecas: oferta y participaci\u00f3n de la fuerza de trabajo en un mercado laboral restringido y excluyente. En <em>Voces de resistencia: miradas cr\u00edticas desde la Sociolog\u00eda<\/em>, 7\u00ba. Congreso internacional de Sociolog\u00eda. M\u00e9xico.<\/p>\n\n\n\n<p>2016. Formaci\u00f3n y mercado laboral local. Las restricciones del empleo del egresado de Econom\u00eda en el estado de Zacatecas. En Serrano S. E. (coord.), <em>El Desarrollo regional frente al cambio ambiental global y la transici\u00f3n hacia la sustentabilidad<\/em>. UNAM.<\/p>\n\n\n\n<p>2017. Despojo y enclave. Los signos de la actividad minera en Zacatecas. En <em>marejadas rurales y lucha por la vida<\/em>, 11\u00ba.Congreso Nacional, AMER. M\u00e9xico.<\/p>\n\n\n\n<p>2017. Miguel Esparza Flores, Pedro Plata P\u00e9rez y Marco Antonio D\u00edaz Barrag\u00e1n. Crecimiento y desarrollo de la miner\u00eda en Zacatecas. Un an\u00e1lisis comparativo.1999-2009. En V Coloquio de la red de investigaci\u00f3n sobre fluctuaciones c\u00edclicas y crecimiento econ\u00f3mico. M\u00e9xico.<\/p>\n\n\n\n<p>2018. Miguel Esparza Flores. Debilidad manufacturera y absorci\u00f3n laboral en Zacateca. En Gasca Z. J. (Coord.), <em>Din\u00e1mica econ\u00f3mica y procesos de innovaci\u00f3n en el desarrollo rural<\/em>, Unam. M\u00e9xico.<\/p>\n\n\n\n<p>2018. Esparza Flores M. y Ch\u00e1vez Ruiz L.&nbsp; (Coords.). <em>Escenario y problemas rurales en Zacatecas<\/em>. Ed. Colof\u00f3n. M\u00e9xico.<\/p>\n\n\n\n<p>2019. Esparza Flores M. y Pulido M. J. D., Debilidad productiva e inestabilidad laboral en el municipio de Pinos, Zacatecas, M\u00e9xico. En Gazca Z. J., Migraci\u00f3n, cultura y estudios de g\u00e9nero desde la perspectiva regional. UNAM. M\u00e9xico. 2019. Ocupaci\u00f3n y problem\u00e1tica local de la regi\u00f3n del Quind\u00edo, Colombia y Zacatecas, M\u00e9xico. Ed. Colof\u00f3n. M\u00e9xico.<\/p>","protected":false},"excerpt":{"rendered":"<p>Educaci\u00f3n Licenciado en Econom\u00eda Universidad Aut\u00f3noma de Zacatecas, M\u00e9xico. Maestr\u00eda en Econom\u00eda Universidad Aut\u00f3noma de Zacatecas, M\u00e9xico. Estudios de Doctorado en Econom\u00eda Internacional y Desarrollo Universidad De Barcelona, Espa\u00f1a. Doctor en Estudio del Desarrollo Universidad Aut\u00f3noma de Zacatecas, M\u00e9xico. Experiencia Profesional Docente de La Licenciatura en Econom\u00eda de la Universidad Aut\u00f3noma de Zacatecas, M\u00e9xico. Docente &hellip; <\/p>\n<p class=\"link-more\"><a href=\"https:\/\/mers.uaz.edu.mx\/en\/miguel-esparza-flores\/\" class=\"more-link\">Continue reading<span class=\"screen-reader-text\"> &#8220;Dr. Miguel Esparza Flores&#8221;<\/span><\/a><\/p>","protected":false},"author":1,"featured_media":0,"parent":0,"menu_order":0,"comment_status":"closed","ping_status":"closed","template":"","meta":[],"_links":{"self":[{"href":"https:\/\/mers.uaz.edu.mx\/en\/wp-json\/wp\/v2\/pages\/170"}],"collection":[{"href":"https:\/\/mers.uaz.edu.mx\/en\/wp-json\/wp\/v2\/pages"}],"about":[{"href":"https:\/\/mers.uaz.edu.mx\/en\/wp-json\/wp\/v2\/types\/page"}],"author":[{"embeddable":true,"href":"https:\/\/mers.uaz.edu.mx\/en\/wp-json\/wp\/v2\/users\/1"}],"replies":[{"embeddable":true,"href":"https:\/\/mers.uaz.edu.mx\/en\/wp-json\/wp\/v2\/comments?post=170"}],"version-history":[{"count":2,"href":"https:\/\/mers.uaz.edu.mx\/en\/wp-json\/wp\/v2\/pages\/170\/revisions"}],"predecessor-version":[{"id":178,"href":"https:\/\/mers.uaz.edu.mx\/en\/wp-json\/wp\/v2\/pages\/170\/revisions\/178"}],"wp:attachment":[{"href":"https:\/\/mers.uaz.edu.mx\/en\/wp-json\/wp\/v2\/media?parent=170"}],"curies":[{"name":"wp","href":"https:\/\/api.w.org\/{rel}","templated":true}]}}