{"id":215,"date":"2021-08-16T17:05:06","date_gmt":"2021-08-16T17:05:06","guid":{"rendered":"https:\/\/mers.uaz.edu.mx\/?page_id=215"},"modified":"2022-10-04T15:33:43","modified_gmt":"2022-10-04T15:33:43","slug":"red-de-egresados-de-la-mers","status":"publish","type":"page","link":"https:\/\/mers.uaz.edu.mx\/en\/red-de-egresados-de-la-mers\/","title":{"rendered":"Network of Graduates of the MERS"},"content":{"rendered":"<p class=\"has-text-justify\" style=\"text-align: justify;\">The objective of the network is to maintain permanent contact with the graduate and link them with events, courses and academic content that may be of interest and help for their training, in addition to promoting projects in which they can participate to strengthen their personal and professional development. contributing to the construction of a just society.<\/p>\n\n\n<div class=\"wp-container-1 wp-block-group\"><div class=\"wp-block-group__inner-container\">\n<figure class=\"wp-block-image size-large\"><img loading=\"lazy\" width=\"729\" height=\"1024\" src=\"https:\/\/mers.uaz.edu.mx\/wp-content\/uploads\/2022\/10\/WhatsApp-Image-2022-10-04-at-8.49.17-AM-729x1024.jpeg\" alt=\"\" class=\"wp-image-387\" srcset=\"https:\/\/mers.uaz.edu.mx\/wp-content\/uploads\/2022\/10\/WhatsApp-Image-2022-10-04-at-8.49.17-AM-729x1024.jpeg 729w, https:\/\/mers.uaz.edu.mx\/wp-content\/uploads\/2022\/10\/WhatsApp-Image-2022-10-04-at-8.49.17-AM-214x300.jpeg 214w, https:\/\/mers.uaz.edu.mx\/wp-content\/uploads\/2022\/10\/WhatsApp-Image-2022-10-04-at-8.49.17-AM-768x1079.jpeg 768w, https:\/\/mers.uaz.edu.mx\/wp-content\/uploads\/2022\/10\/WhatsApp-Image-2022-10-04-at-8.49.17-AM.jpeg 911w\" sizes=\"(max-width: 729px) 100vw, 729px\" \/><\/figure>\n<\/div><\/div>\n\n\n\n<div class=\"wp-container-5 wp-block-columns\">\n<div class=\"wp-container-4 wp-block-column\" style=\"flex-basis:100%\">\n<div class=\"wp-container-3 wp-block-group\"><div class=\"wp-block-group__inner-container\">\n<div class=\"wp-container-2 wp-block-group\"><div class=\"wp-block-group__inner-container\">\n<figure class=\"wp-block-image size-large\"><img loading=\"lazy\" width=\"729\" height=\"1024\" src=\"https:\/\/mers.uaz.edu.mx\/wp-content\/uploads\/2022\/10\/WhatsApp-Image-2022-10-04-at-8.48.49-AM-729x1024.jpeg\" alt=\"\" class=\"wp-image-385\" srcset=\"https:\/\/mers.uaz.edu.mx\/wp-content\/uploads\/2022\/10\/WhatsApp-Image-2022-10-04-at-8.48.49-AM-729x1024.jpeg 729w, https:\/\/mers.uaz.edu.mx\/wp-content\/uploads\/2022\/10\/WhatsApp-Image-2022-10-04-at-8.48.49-AM-214x300.jpeg 214w, https:\/\/mers.uaz.edu.mx\/wp-content\/uploads\/2022\/10\/WhatsApp-Image-2022-10-04-at-8.48.49-AM-768x1079.jpeg 768w, https:\/\/mers.uaz.edu.mx\/wp-content\/uploads\/2022\/10\/WhatsApp-Image-2022-10-04-at-8.48.49-AM.jpeg 911w\" sizes=\"(max-width: 729px) 100vw, 729px\" \/><\/figure>\n<\/div><\/div>\n<\/div><\/div>\n<\/div>\n<\/div>\n\n\n\n<p><a rel=\"noreferrer noopener\" href=\"https:\/\/forms.gle\/FYaBmSRFeo1agvqNA\" target=\"_blank\">https:\/\/forms.gle\/FYaBmSRFeo1agvqNA<\/a><\/p>\n\n\n\n<div class=\"wp-container-6 wp-block-group\"><div class=\"wp-block-group__inner-container\">\n<div class=\"wp-block-file\"><a id=\"wp-block-file--media-ee37273b-269e-4aed-8086-27bd0d4b5b06\" href=\"https:\/\/mers.uaz.edu.mx\/wp-content\/uploads\/2022\/06\/Coloquio-9-y-10-junio-2022_pages-to-jpg-0001-2-2.jpg\">Coloquio-9-y-10-junio-2022_pages-to-jpg-0001-2-2<\/a><a href=\"https:\/\/mers.uaz.edu.mx\/wp-content\/uploads\/2022\/06\/Coloquio-9-y-10-junio-2022_pages-to-jpg-0001-2-2.jpg\" class=\"wp-block-file__button\" download aria-describedby=\"wp-block-file--media-ee37273b-269e-4aed-8086-27bd0d4b5b06\">download<\/a><\/div>\n\n\n\n<figure class=\"wp-block-image size-large\"><img loading=\"lazy\" width=\"1024\" height=\"576\" src=\"https:\/\/mers.uaz.edu.mx\/wp-content\/uploads\/2022\/06\/ms-1024x576.jpeg\" alt=\"\" class=\"wp-image-280\" srcset=\"https:\/\/mers.uaz.edu.mx\/wp-content\/uploads\/2022\/06\/ms-1024x576.jpeg 1024w, https:\/\/mers.uaz.edu.mx\/wp-content\/uploads\/2022\/06\/ms-300x169.jpeg 300w, https:\/\/mers.uaz.edu.mx\/wp-content\/uploads\/2022\/06\/ms-768x432.jpeg 768w, https:\/\/mers.uaz.edu.mx\/wp-content\/uploads\/2022\/06\/ms.jpeg 1280w\" sizes=\"(max-width: 767px) 89vw, (max-width: 1000px) 54vw, (max-width: 1071px) 543px, 580px\" \/><\/figure>\n<\/div><\/div>\n\n\n\n<p><\/p>","protected":false},"excerpt":{"rendered":"<p>El objetivo de la red es mantener contacto permanente con el egresado y vincularlo con eventos, cursos y contenidos acad\u00e9micos que pueden ser de su inter\u00e9s y de ayudad para su formaci\u00f3n, adem\u00e1s de impulsar proyectos en los cuales puedan participar para fortalecer su desarrollo personal y profesional contribuyendo a la construcci\u00f3n de una sociedad &hellip; <\/p>\n<p class=\"link-more\"><a href=\"https:\/\/mers.uaz.edu.mx\/en\/red-de-egresados-de-la-mers\/\" class=\"more-link\">Continue reading<span class=\"screen-reader-text\"> &#8220;Red de Egresados de la MERS&#8221;<\/span><\/a><\/p>","protected":false},"author":1,"featured_media":162,"parent":0,"menu_order":0,"comment_status":"closed","ping_status":"closed","template":"","meta":[],"_links":{"self":[{"href":"https:\/\/mers.uaz.edu.mx\/en\/wp-json\/wp\/v2\/pages\/215"}],"collection":[{"href":"https:\/\/mers.uaz.edu.mx\/en\/wp-json\/wp\/v2\/pages"}],"about":[{"href":"https:\/\/mers.uaz.edu.mx\/en\/wp-json\/wp\/v2\/types\/page"}],"author":[{"embeddable":true,"href":"https:\/\/mers.uaz.edu.mx\/en\/wp-json\/wp\/v2\/users\/1"}],"replies":[{"embeddable":true,"href":"https:\/\/mers.uaz.edu.mx\/en\/wp-json\/wp\/v2\/comments?post=215"}],"version-history":[{"count":8,"href":"https:\/\/mers.uaz.edu.mx\/en\/wp-json\/wp\/v2\/pages\/215\/revisions"}],"predecessor-version":[{"id":389,"href":"https:\/\/mers.uaz.edu.mx\/en\/wp-json\/wp\/v2\/pages\/215\/revisions\/389"}],"wp:featuredmedia":[{"embeddable":true,"href":"https:\/\/mers.uaz.edu.mx\/en\/wp-json\/wp\/v2\/media\/162"}],"wp:attachment":[{"href":"https:\/\/mers.uaz.edu.mx\/en\/wp-json\/wp\/v2\/media?parent=215"}],"curies":[{"name":"wp","href":"https:\/\/api.w.org\/{rel}","templated":true}]}}