{"id":296,"date":"2022-09-20T19:07:55","date_gmt":"2022-09-20T19:07:55","guid":{"rendered":"https:\/\/mers.uaz.edu.mx\/?page_id=296"},"modified":"2022-11-30T17:52:41","modified_gmt":"2022-11-30T17:52:41","slug":"retribucion-social","status":"publish","type":"page","link":"https:\/\/mers.uaz.edu.mx\/en\/retribucion-social\/","title":{"rendered":"Social Retribution"},"content":{"rendered":"<figure class=\"wp-block-table is-style-regular\">\n<table class=\"has-black-color has-text-color has-background\" style=\"background: linear-gradient(135deg,#bf930d 20%,#d9ad26 40%,#127ba 49%);\">\n<tbody>\n<tr>\n<td class=\"has-text-justify\" style=\"text-align: justify;\" data-align=\"left\">The purpose is to disseminate the social compensation activities carried out by the Master's students, to account for the social relevance of their research, the approach to the social problems of their research, the approach to the specific problem, their degree of connection with the regional context and its problems, as well as its ability to propose answers and solutions to them.<\/td>\n<\/tr>\n<\/tbody>\n<\/table>\n<\/figure>\n\n\n<p><mark style=\"background-color:rgba(0, 0, 0, 0)\" class=\"has-inline-color has-black-color\"> <\/mark><\/p>\n\n\n\n<hr class=\"wp-block-separator has-css-opacity is-style-default\"\/>\n\n\n\n<figure class=\"wp-block-image size-large\"><img loading=\"lazy\" width=\"1024\" height=\"548\" src=\"https:\/\/mers.uaz.edu.mx\/wp-content\/uploads\/2022\/11\/1-1024x548.jpg\" alt=\"\" class=\"wp-image-429\" srcset=\"https:\/\/mers.uaz.edu.mx\/wp-content\/uploads\/2022\/11\/1-1024x548.jpg 1024w, https:\/\/mers.uaz.edu.mx\/wp-content\/uploads\/2022\/11\/1-300x161.jpg 300w, https:\/\/mers.uaz.edu.mx\/wp-content\/uploads\/2022\/11\/1-768x411.jpg 768w, https:\/\/mers.uaz.edu.mx\/wp-content\/uploads\/2022\/11\/1.jpg 1027w\" sizes=\"(max-width: 767px) 89vw, (max-width: 1000px) 54vw, (max-width: 1071px) 543px, 580px\" \/><\/figure>\n\n\n\n<figure class=\"wp-block-image size-full\"><img loading=\"lazy\" width=\"1008\" height=\"563\" src=\"https:\/\/mers.uaz.edu.mx\/wp-content\/uploads\/2022\/11\/0.jpg\" alt=\"\" class=\"wp-image-428\" srcset=\"https:\/\/mers.uaz.edu.mx\/wp-content\/uploads\/2022\/11\/0.jpg 1008w, https:\/\/mers.uaz.edu.mx\/wp-content\/uploads\/2022\/11\/0-300x168.jpg 300w, https:\/\/mers.uaz.edu.mx\/wp-content\/uploads\/2022\/11\/0-768x429.jpg 768w\" sizes=\"(max-width: 767px) 89vw, (max-width: 1000px) 54vw, (max-width: 1071px) 543px, 580px\" \/><\/figure>\n\n\n\n<figure class=\"wp-container-2 wp-block-gallery-1 wp-block-gallery alignwide has-nested-images columns-default is-cropped\">\n<figure class=\"wp-block-image\"><img loading=\"lazy\" width=\"1700\" height=\"2200\" data-id=\"343\"  src=\"https:\/\/mers.uaz.edu.mx\/wp-content\/uploads\/2022\/09\/tinywow_1663699450872_Anexo1_Actividades_de_Retribucion_Social_5798113_1.png\" alt=\"\" class=\"wp-image-343\" srcset=\"https:\/\/mers.uaz.edu.mx\/wp-content\/uploads\/2022\/09\/tinywow_1663699450872_Anexo1_Actividades_de_Retribucion_Social_5798113_1.png 1700w, https:\/\/mers.uaz.edu.mx\/wp-content\/uploads\/2022\/09\/tinywow_1663699450872_Anexo1_Actividades_de_Retribucion_Social_5798113_1-232x300.png 232w, https:\/\/mers.uaz.edu.mx\/wp-content\/uploads\/2022\/09\/tinywow_1663699450872_Anexo1_Actividades_de_Retribucion_Social_5798113_1-791x1024.png 791w, https:\/\/mers.uaz.edu.mx\/wp-content\/uploads\/2022\/09\/tinywow_1663699450872_Anexo1_Actividades_de_Retribucion_Social_5798113_1-768x994.png 768w, https:\/\/mers.uaz.edu.mx\/wp-content\/uploads\/2022\/09\/tinywow_1663699450872_Anexo1_Actividades_de_Retribucion_Social_5798113_1-1187x1536.png 1187w, https:\/\/mers.uaz.edu.mx\/wp-content\/uploads\/2022\/09\/tinywow_1663699450872_Anexo1_Actividades_de_Retribucion_Social_5798113_1-1583x2048.png 1583w\" sizes=\"(max-width: 767px) 89vw, (max-width: 1000px) 54vw, (max-width: 1071px) 543px, 580px\" \/><\/figure>\n\n\n\n<figure class=\"wp-block-image\"><img loading=\"lazy\" width=\"1700\" height=\"2200\" data-id=\"344\"  src=\"https:\/\/mers.uaz.edu.mx\/wp-content\/uploads\/2022\/09\/tinywow_1663699450872_Anexo1_Actividades_de_Retribucion_Social_5798113_2.png\" alt=\"\" class=\"wp-image-344\" srcset=\"https:\/\/mers.uaz.edu.mx\/wp-content\/uploads\/2022\/09\/tinywow_1663699450872_Anexo1_Actividades_de_Retribucion_Social_5798113_2.png 1700w, https:\/\/mers.uaz.edu.mx\/wp-content\/uploads\/2022\/09\/tinywow_1663699450872_Anexo1_Actividades_de_Retribucion_Social_5798113_2-232x300.png 232w, https:\/\/mers.uaz.edu.mx\/wp-content\/uploads\/2022\/09\/tinywow_1663699450872_Anexo1_Actividades_de_Retribucion_Social_5798113_2-791x1024.png 791w, https:\/\/mers.uaz.edu.mx\/wp-content\/uploads\/2022\/09\/tinywow_1663699450872_Anexo1_Actividades_de_Retribucion_Social_5798113_2-768x994.png 768w, https:\/\/mers.uaz.edu.mx\/wp-content\/uploads\/2022\/09\/tinywow_1663699450872_Anexo1_Actividades_de_Retribucion_Social_5798113_2-1187x1536.png 1187w, https:\/\/mers.uaz.edu.mx\/wp-content\/uploads\/2022\/09\/tinywow_1663699450872_Anexo1_Actividades_de_Retribucion_Social_5798113_2-1583x2048.png 1583w\" sizes=\"(max-width: 767px) 89vw, (max-width: 1000px) 54vw, (max-width: 1071px) 543px, 580px\" \/><\/figure>\n\n\n\n<figure class=\"wp-block-image\"><img loading=\"lazy\" width=\"1700\" height=\"2200\" data-id=\"341\"  src=\"https:\/\/mers.uaz.edu.mx\/wp-content\/uploads\/2022\/09\/tinywow_1663699450872_Anexo1_Actividades_de_Retribucion_Social_5798113_3.png\" alt=\"\" class=\"wp-image-341\" srcset=\"https:\/\/mers.uaz.edu.mx\/wp-content\/uploads\/2022\/09\/tinywow_1663699450872_Anexo1_Actividades_de_Retribucion_Social_5798113_3.png 1700w, https:\/\/mers.uaz.edu.mx\/wp-content\/uploads\/2022\/09\/tinywow_1663699450872_Anexo1_Actividades_de_Retribucion_Social_5798113_3-232x300.png 232w, https:\/\/mers.uaz.edu.mx\/wp-content\/uploads\/2022\/09\/tinywow_1663699450872_Anexo1_Actividades_de_Retribucion_Social_5798113_3-791x1024.png 791w, https:\/\/mers.uaz.edu.mx\/wp-content\/uploads\/2022\/09\/tinywow_1663699450872_Anexo1_Actividades_de_Retribucion_Social_5798113_3-768x994.png 768w, https:\/\/mers.uaz.edu.mx\/wp-content\/uploads\/2022\/09\/tinywow_1663699450872_Anexo1_Actividades_de_Retribucion_Social_5798113_3-1187x1536.png 1187w, https:\/\/mers.uaz.edu.mx\/wp-content\/uploads\/2022\/09\/tinywow_1663699450872_Anexo1_Actividades_de_Retribucion_Social_5798113_3-1583x2048.png 1583w\" sizes=\"(max-width: 767px) 89vw, (max-width: 1000px) 54vw, (max-width: 1071px) 543px, 580px\" \/><\/figure>\n\n\n\n<figure class=\"wp-block-image\"><img loading=\"lazy\" width=\"1700\" height=\"2200\" data-id=\"342\"  src=\"https:\/\/mers.uaz.edu.mx\/wp-content\/uploads\/2022\/09\/tinywow_1663699450872_Anexo1_Actividades_de_Retribucion_Social_5798113_4.png\" alt=\"\" class=\"wp-image-342\" srcset=\"https:\/\/mers.uaz.edu.mx\/wp-content\/uploads\/2022\/09\/tinywow_1663699450872_Anexo1_Actividades_de_Retribucion_Social_5798113_4.png 1700w, https:\/\/mers.uaz.edu.mx\/wp-content\/uploads\/2022\/09\/tinywow_1663699450872_Anexo1_Actividades_de_Retribucion_Social_5798113_4-232x300.png 232w, https:\/\/mers.uaz.edu.mx\/wp-content\/uploads\/2022\/09\/tinywow_1663699450872_Anexo1_Actividades_de_Retribucion_Social_5798113_4-791x1024.png 791w, https:\/\/mers.uaz.edu.mx\/wp-content\/uploads\/2022\/09\/tinywow_1663699450872_Anexo1_Actividades_de_Retribucion_Social_5798113_4-768x994.png 768w, https:\/\/mers.uaz.edu.mx\/wp-content\/uploads\/2022\/09\/tinywow_1663699450872_Anexo1_Actividades_de_Retribucion_Social_5798113_4-1187x1536.png 1187w, https:\/\/mers.uaz.edu.mx\/wp-content\/uploads\/2022\/09\/tinywow_1663699450872_Anexo1_Actividades_de_Retribucion_Social_5798113_4-1583x2048.png 1583w\" sizes=\"(max-width: 767px) 89vw, (max-width: 1000px) 54vw, (max-width: 1071px) 543px, 580px\" \/><\/figure>\n<\/figure>","protected":false},"excerpt":{"rendered":"<p>El prop\u00f3sito es difundir las actividades de retribuci\u00f3n social realizada por los estudiantes de la Maestr\u00eda, para dar cuenta de la pertinencia social de sus investigaciones, del acercamiento con la problem\u00e1tica social de sus investigaciones, del acercamiento con la problem\u00e1tica concreta, su grado de vinculaci\u00f3n con el contexto regional y su problem\u00e1tica, como de su &hellip; <\/p>\n<p class=\"link-more\"><a href=\"https:\/\/mers.uaz.edu.mx\/en\/retribucion-social\/\" class=\"more-link\">Continue reading<span class=\"screen-reader-text\"> &#8220;Retribuci\u00f3n Social&#8221;<\/span><\/a><\/p>","protected":false},"author":1,"featured_media":0,"parent":0,"menu_order":0,"comment_status":"closed","ping_status":"closed","template":"","meta":[],"_links":{"self":[{"href":"https:\/\/mers.uaz.edu.mx\/en\/wp-json\/wp\/v2\/pages\/296"}],"collection":[{"href":"https:\/\/mers.uaz.edu.mx\/en\/wp-json\/wp\/v2\/pages"}],"about":[{"href":"https:\/\/mers.uaz.edu.mx\/en\/wp-json\/wp\/v2\/types\/page"}],"author":[{"embeddable":true,"href":"https:\/\/mers.uaz.edu.mx\/en\/wp-json\/wp\/v2\/users\/1"}],"replies":[{"embeddable":true,"href":"https:\/\/mers.uaz.edu.mx\/en\/wp-json\/wp\/v2\/comments?post=296"}],"version-history":[{"count":21,"href":"https:\/\/mers.uaz.edu.mx\/en\/wp-json\/wp\/v2\/pages\/296\/revisions"}],"predecessor-version":[{"id":430,"href":"https:\/\/mers.uaz.edu.mx\/en\/wp-json\/wp\/v2\/pages\/296\/revisions\/430"}],"wp:attachment":[{"href":"https:\/\/mers.uaz.edu.mx\/en\/wp-json\/wp\/v2\/media?parent=296"}],"curies":[{"name":"wp","href":"https:\/\/api.w.org\/{rel}","templated":true}]}}