{"id":303,"date":"2022-09-20T19:23:03","date_gmt":"2022-09-20T19:23:03","guid":{"rendered":"https:\/\/mers.uaz.edu.mx\/?page_id=303"},"modified":"2022-11-09T19:48:37","modified_gmt":"2022-11-09T19:48:37","slug":"inegi-mers","status":"publish","type":"page","link":"https:\/\/mers.uaz.edu.mx\/en\/inegi-mers\/","title":{"rendered":"INEGI- MERS"},"content":{"rendered":"<figure class=\"wp-block-table alignright\">\n<table>\n<tbody>\n<tr>\n<td class=\"has-text-justify\" style=\"text-align: justify;\" data-align=\"left\">The objective is to provide pertinent information on the economic and social events of the world, the country, the states and the municipalities, coming mainly from the results prepared by the National Institute of Geography and Informatics Statistics (INEGI), which can be used for dissemination purposes. , as inputs for teaching and research and, in general, as an instrument of analysis and measurement by teachers, students and the general public.<\/td>\n<\/tr>\n<\/tbody>\n<\/table>\n<\/figure>\n\n\n<figure class=\"wp-block-image size-large is-resized\"><img loading=\"lazy\" src=\"https:\/\/mers.uaz.edu.mx\/wp-content\/uploads\/2022\/09\/WhatsApp-Image-2022-09-20-at-1.43.17-PM-1024x430.jpeg\" alt=\"\" class=\"wp-image-308\" width=\"676\" height=\"284\" srcset=\"https:\/\/mers.uaz.edu.mx\/wp-content\/uploads\/2022\/09\/WhatsApp-Image-2022-09-20-at-1.43.17-PM-1024x430.jpeg 1024w, https:\/\/mers.uaz.edu.mx\/wp-content\/uploads\/2022\/09\/WhatsApp-Image-2022-09-20-at-1.43.17-PM-300x126.jpeg 300w, https:\/\/mers.uaz.edu.mx\/wp-content\/uploads\/2022\/09\/WhatsApp-Image-2022-09-20-at-1.43.17-PM-768x322.jpeg 768w, https:\/\/mers.uaz.edu.mx\/wp-content\/uploads\/2022\/09\/WhatsApp-Image-2022-09-20-at-1.43.17-PM.jpeg 1280w\" sizes=\"(max-width: 676px) 100vw, 676px\" \/><\/figure>\n\n\n\n<div class=\"wp-container-3 wp-block-columns\">\n<div class=\"wp-container-1 wp-block-column\">\n<figure class=\"wp-block-image size-large\"><img loading=\"lazy\" width=\"1024\" height=\"576\" src=\"https:\/\/mers.uaz.edu.mx\/wp-content\/uploads\/2022\/11\/VIOLENCIA-CONTRA-LAS-MUJERES-1024x576.jpg\" alt=\"\" class=\"wp-image-420\" srcset=\"https:\/\/mers.uaz.edu.mx\/wp-content\/uploads\/2022\/11\/VIOLENCIA-CONTRA-LAS-MUJERES-1024x576.jpg 1024w, https:\/\/mers.uaz.edu.mx\/wp-content\/uploads\/2022\/11\/VIOLENCIA-CONTRA-LAS-MUJERES-300x169.jpg 300w, https:\/\/mers.uaz.edu.mx\/wp-content\/uploads\/2022\/11\/VIOLENCIA-CONTRA-LAS-MUJERES-768x432.jpg 768w, https:\/\/mers.uaz.edu.mx\/wp-content\/uploads\/2022\/11\/VIOLENCIA-CONTRA-LAS-MUJERES.jpg 1280w\" sizes=\"(max-width: 767px) 89vw, (max-width: 1000px) 54vw, (max-width: 1071px) 543px, 580px\" \/><\/figure>\n<\/div>\n\n\n\n<div class=\"wp-container-2 wp-block-column\">\n<figure class=\"wp-block-image size-large\"><img loading=\"lazy\" width=\"1024\" height=\"576\" src=\"https:\/\/mers.uaz.edu.mx\/wp-content\/uploads\/2022\/11\/VIOLENCIA-CONTRA-LAS-MUJERES-1-1024x576.jpg\" alt=\"\" class=\"wp-image-418\" srcset=\"https:\/\/mers.uaz.edu.mx\/wp-content\/uploads\/2022\/11\/VIOLENCIA-CONTRA-LAS-MUJERES-1-1024x576.jpg 1024w, https:\/\/mers.uaz.edu.mx\/wp-content\/uploads\/2022\/11\/VIOLENCIA-CONTRA-LAS-MUJERES-1-300x169.jpg 300w, https:\/\/mers.uaz.edu.mx\/wp-content\/uploads\/2022\/11\/VIOLENCIA-CONTRA-LAS-MUJERES-1-768x432.jpg 768w, https:\/\/mers.uaz.edu.mx\/wp-content\/uploads\/2022\/11\/VIOLENCIA-CONTRA-LAS-MUJERES-1.jpg 1280w\" sizes=\"(max-width: 767px) 89vw, (max-width: 1000px) 54vw, (max-width: 1071px) 543px, 580px\" \/><\/figure>\n<\/div>\n<\/div>\n\n\n\n<div class=\"wp-container-8 wp-block-columns\">\n<div class=\"wp-container-6 wp-block-column\">\n<figure class=\"wp-container-5 wp-block-gallery-4 wp-block-gallery has-nested-images columns-default is-cropped\">\n<figure class=\"wp-block-image size-large\"><img loading=\"lazy\" width=\"1024\" height=\"576\" src=\"https:\/\/mers.uaz.edu.mx\/wp-content\/uploads\/2022\/11\/violencia-contra-las-mujeres-2-1024x576.jpg\" alt=\"\" class=\"wp-image-419\" srcset=\"https:\/\/mers.uaz.edu.mx\/wp-content\/uploads\/2022\/11\/violencia-contra-las-mujeres-2-1024x576.jpg 1024w, https:\/\/mers.uaz.edu.mx\/wp-content\/uploads\/2022\/11\/violencia-contra-las-mujeres-2-300x169.jpg 300w, https:\/\/mers.uaz.edu.mx\/wp-content\/uploads\/2022\/11\/violencia-contra-las-mujeres-2-768x432.jpg 768w, https:\/\/mers.uaz.edu.mx\/wp-content\/uploads\/2022\/11\/violencia-contra-las-mujeres-2.jpg 1280w\" sizes=\"(max-width: 767px) 89vw, (max-width: 1000px) 54vw, (max-width: 1071px) 543px, 580px\" \/><\/figure>\n<\/figure>\n<\/div>\n\n\n\n<div class=\"wp-container-7 wp-block-column\">\n<p><strong>For more information in the following link.<\/strong><\/p>\n\n\n\n<p><a href=\"https:\/\/www.inegi.org.mx\/programas\/endireh\/2021\/\">https:\/\/www.inegi.org.mx\/programas\/endireh\/2021\/<\/a><\/p>\n<\/div>\n<\/div>\n\n\n\n<div class=\"wp-container-20 wp-block-group\"><div class=\"wp-block-group__inner-container\">\n<figure class=\"wp-container-10 wp-block-gallery-9 wp-block-gallery has-nested-images columns-default is-cropped\">\n<figure class=\"wp-block-image size-large\"><img loading=\"lazy\" width=\"791\" height=\"1024\" src=\"https:\/\/mers.uaz.edu.mx\/wp-content\/uploads\/2022\/09\/WhatsApp-Image-2022-09-20-at-1.25.31-PM-1-2-791x1024.jpeg\" alt=\"\" class=\"wp-image-317\" srcset=\"https:\/\/mers.uaz.edu.mx\/wp-content\/uploads\/2022\/09\/WhatsApp-Image-2022-09-20-at-1.25.31-PM-1-2-791x1024.jpeg 791w, https:\/\/mers.uaz.edu.mx\/wp-content\/uploads\/2022\/09\/WhatsApp-Image-2022-09-20-at-1.25.31-PM-1-2-232x300.jpeg 232w, https:\/\/mers.uaz.edu.mx\/wp-content\/uploads\/2022\/09\/WhatsApp-Image-2022-09-20-at-1.25.31-PM-1-2-768x994.jpeg 768w, https:\/\/mers.uaz.edu.mx\/wp-content\/uploads\/2022\/09\/WhatsApp-Image-2022-09-20-at-1.25.31-PM-1-2.jpeg 989w\" sizes=\"(max-width: 767px) 89vw, (max-width: 1000px) 54vw, (max-width: 1071px) 543px, 580px\" \/><\/figure>\n\n\n\n<figure class=\"wp-block-image size-large\"><img loading=\"lazy\" width=\"791\" height=\"1024\" src=\"https:\/\/mers.uaz.edu.mx\/wp-content\/uploads\/2022\/09\/WhatsApp-Image-2022-09-20-at-1.25.31-PM-2-791x1024.jpeg\" alt=\"\" class=\"wp-image-316\" srcset=\"https:\/\/mers.uaz.edu.mx\/wp-content\/uploads\/2022\/09\/WhatsApp-Image-2022-09-20-at-1.25.31-PM-2-791x1024.jpeg 791w, https:\/\/mers.uaz.edu.mx\/wp-content\/uploads\/2022\/09\/WhatsApp-Image-2022-09-20-at-1.25.31-PM-2-232x300.jpeg 232w, https:\/\/mers.uaz.edu.mx\/wp-content\/uploads\/2022\/09\/WhatsApp-Image-2022-09-20-at-1.25.31-PM-2-768x994.jpeg 768w, https:\/\/mers.uaz.edu.mx\/wp-content\/uploads\/2022\/09\/WhatsApp-Image-2022-09-20-at-1.25.31-PM-2.jpeg 989w\" sizes=\"(max-width: 767px) 89vw, (max-width: 1000px) 54vw, (max-width: 1071px) 543px, 580px\" \/><\/figure>\n<\/figure>\n\n\n\n<div class=\"wp-container-13 wp-block-columns\">\n<div class=\"wp-container-11 wp-block-column\">\n<figure class=\"wp-block-image size-large\"><img loading=\"lazy\" width=\"1024\" height=\"768\" src=\"https:\/\/mers.uaz.edu.mx\/wp-content\/uploads\/2022\/11\/INTRODUCCION-A-LA-PLATAFORMA-INEGI-A-ALUMNOS-DE-LOS-PRIMEROS-SEMESTRES-1-1024x768.jpg\" alt=\"\" class=\"wp-image-403\" srcset=\"https:\/\/mers.uaz.edu.mx\/wp-content\/uploads\/2022\/11\/INTRODUCCION-A-LA-PLATAFORMA-INEGI-A-ALUMNOS-DE-LOS-PRIMEROS-SEMESTRES-1-1024x768.jpg 1024w, https:\/\/mers.uaz.edu.mx\/wp-content\/uploads\/2022\/11\/INTRODUCCION-A-LA-PLATAFORMA-INEGI-A-ALUMNOS-DE-LOS-PRIMEROS-SEMESTRES-1-300x225.jpg 300w, https:\/\/mers.uaz.edu.mx\/wp-content\/uploads\/2022\/11\/INTRODUCCION-A-LA-PLATAFORMA-INEGI-A-ALUMNOS-DE-LOS-PRIMEROS-SEMESTRES-1-768x576.jpg 768w, https:\/\/mers.uaz.edu.mx\/wp-content\/uploads\/2022\/11\/INTRODUCCION-A-LA-PLATAFORMA-INEGI-A-ALUMNOS-DE-LOS-PRIMEROS-SEMESTRES-1.jpg 1040w\" sizes=\"(max-width: 767px) 89vw, (max-width: 1000px) 54vw, (max-width: 1071px) 543px, 580px\" \/><figcaption><strong>Introduction to the INEGI platform for first semester students.<\/strong><\/figcaption><\/figure>\n<\/div>\n\n\n\n<div class=\"wp-container-12 wp-block-column\">\n<figure class=\"wp-block-image size-large\"><img loading=\"lazy\" width=\"1024\" height=\"768\" src=\"https:\/\/mers.uaz.edu.mx\/wp-content\/uploads\/2022\/11\/20-Y-21-SEP-capacitacion-INEGI-9\u00b0-semestre-ECONOMIA-REGIONAL-ECONOMIA-PUBLICA-CENSOS-ECONOMICOS-RENEMSCIAN-DENUE-GEOVISORES-1-1024x768.jpg\" alt=\"\" class=\"wp-image-404\" srcset=\"https:\/\/mers.uaz.edu.mx\/wp-content\/uploads\/2022\/11\/20-Y-21-SEP-capacitacion-INEGI-9\u00b0-semestre-ECONOMIA-REGIONAL-ECONOMIA-PUBLICA-CENSOS-ECONOMICOS-RENEMSCIAN-DENUE-GEOVISORES-1-1024x768.jpg 1024w, https:\/\/mers.uaz.edu.mx\/wp-content\/uploads\/2022\/11\/20-Y-21-SEP-capacitacion-INEGI-9\u00b0-semestre-ECONOMIA-REGIONAL-ECONOMIA-PUBLICA-CENSOS-ECONOMICOS-RENEMSCIAN-DENUE-GEOVISORES-1-300x225.jpg 300w, https:\/\/mers.uaz.edu.mx\/wp-content\/uploads\/2022\/11\/20-Y-21-SEP-capacitacion-INEGI-9\u00b0-semestre-ECONOMIA-REGIONAL-ECONOMIA-PUBLICA-CENSOS-ECONOMICOS-RENEMSCIAN-DENUE-GEOVISORES-1-768x576.jpg 768w, https:\/\/mers.uaz.edu.mx\/wp-content\/uploads\/2022\/11\/20-Y-21-SEP-capacitacion-INEGI-9\u00b0-semestre-ECONOMIA-REGIONAL-ECONOMIA-PUBLICA-CENSOS-ECONOMICOS-RENEMSCIAN-DENUE-GEOVISORES-1.jpg 1040w\" sizes=\"(max-width: 767px) 89vw, (max-width: 1000px) 54vw, (max-width: 1071px) 543px, 580px\" \/><figcaption><strong>September 20 and 21, INEGI training 9th semester REGIONAL ECONOMY, PUBLIC ECONOMY, ECONOMIC CENSUSES, RENEMSCIAN, DENUE, GEOVISORS<\/strong>.<\/figcaption><\/figure>\n<\/div>\n<\/div>\n\n\n\n<div class=\"wp-container-16 wp-block-columns\">\n<div class=\"wp-container-14 wp-block-column\">\n<figure class=\"wp-block-image size-large\"><img loading=\"lazy\" width=\"1024\" height=\"768\" src=\"https:\/\/mers.uaz.edu.mx\/wp-content\/uploads\/2022\/11\/4-Y-11-OCT-capacitacion-al-9\u00b0-semestre-ECONOMIA-DE-LA-EMPRESA-INEGI-IIEG-BIE-INFRAESTRUCTURA-ECONOMICA-DENUE-SCIAN-ITAE-1024x768.jpg\" alt=\"\" class=\"wp-image-406\" srcset=\"https:\/\/mers.uaz.edu.mx\/wp-content\/uploads\/2022\/11\/4-Y-11-OCT-capacitacion-al-9\u00b0-semestre-ECONOMIA-DE-LA-EMPRESA-INEGI-IIEG-BIE-INFRAESTRUCTURA-ECONOMICA-DENUE-SCIAN-ITAE-1024x768.jpg 1024w, https:\/\/mers.uaz.edu.mx\/wp-content\/uploads\/2022\/11\/4-Y-11-OCT-capacitacion-al-9\u00b0-semestre-ECONOMIA-DE-LA-EMPRESA-INEGI-IIEG-BIE-INFRAESTRUCTURA-ECONOMICA-DENUE-SCIAN-ITAE-300x225.jpg 300w, https:\/\/mers.uaz.edu.mx\/wp-content\/uploads\/2022\/11\/4-Y-11-OCT-capacitacion-al-9\u00b0-semestre-ECONOMIA-DE-LA-EMPRESA-INEGI-IIEG-BIE-INFRAESTRUCTURA-ECONOMICA-DENUE-SCIAN-ITAE-768x576.jpg 768w, https:\/\/mers.uaz.edu.mx\/wp-content\/uploads\/2022\/11\/4-Y-11-OCT-capacitacion-al-9\u00b0-semestre-ECONOMIA-DE-LA-EMPRESA-INEGI-IIEG-BIE-INFRAESTRUCTURA-ECONOMICA-DENUE-SCIAN-ITAE.jpg 1040w\" sizes=\"(max-width: 767px) 89vw, (max-width: 1000px) 54vw, (max-width: 1071px) 543px, 580px\" \/><figcaption><strong>OCT 4 AND 11 training for the 9th semester BUSINESS ECONOMICS INEGI IIEG, BIE, ECONOMIC INFRASTRUCTURE, DENUE, SCIAN, ITAE<\/strong>.<\/figcaption><\/figure>\n<\/div>\n\n\n\n<div class=\"wp-container-15 wp-block-column\">\n<figure class=\"wp-block-image size-large\"><img src=\"https:\/\/mers.uaz.edu.mx\/wp-content\/uploads\/2022\/11\/WhatsApp-Image-2022-11-09-at-11.57.09-AM-576x1024.jpeg\" alt=\"\" class=\"wp-image-411\"\/><\/figure>\n<\/div>\n<\/div>\n\n\n\n<div class=\"wp-container-19 wp-block-group\"><div class=\"wp-block-group__inner-container\">\n<hr class=\"wp-block-separator has-css-opacity is-style-default\"\/>\n\n\n\n<figure class=\"wp-container-18 wp-block-gallery-17 wp-block-gallery alignleft has-nested-images columns-default is-cropped\">\n<figure class=\"wp-block-image size-full is-style-rounded\"><img loading=\"lazy\" width=\"112\" height=\"125\" src=\"https:\/\/mers.uaz.edu.mx\/wp-content\/uploads\/2022\/11\/mmmm.png\" alt=\"\" class=\"wp-image-414\"\/><figcaption><strong>Mar\u00eda Esther Flores Gayt\u00e1n<\/strong><\/figcaption><\/figure>\n<\/figure>\n\n\n\n<hr class=\"wp-block-separator has-css-opacity is-style-default\"\/>\n\n\n\n<blockquote class=\"wp-block-quote has-text-align-left is-style-large\" style=\"font-size:10px;font-style:normal;font-weight:700\"><p>information advisor<\/p><p>Zacatecas State Coordination<\/p><p>Department of Promotion and Concentration<\/p><p>492925688 EXT.7006<\/p><\/blockquote>\n<\/div><\/div>\n<\/div><\/div>","protected":false},"excerpt":{"rendered":"<p>El Objetivo es proporcionar informaci\u00f3n pertinente sobre los acontecimientos econ\u00f3micos y sociales del mundo, el pa\u00eds, los estados y los municipios, provenientes principalmente de los resultados elaborados por Instituto Nacional de Estad\u00edstica Geograf\u00eda e Inform\u00e1tica (INEGI), que pueda ser utilizado con fines de difusi\u00f3n, como insumos de para la docencia e investigaci\u00f3n y, en general, &hellip; <\/p>\n<p class=\"link-more\"><a href=\"https:\/\/mers.uaz.edu.mx\/en\/inegi-mers\/\" class=\"more-link\">Continue reading<span class=\"screen-reader-text\"> &#8220;INEGI-MERS&#8221;<\/span><\/a><\/p>","protected":false},"author":1,"featured_media":0,"parent":0,"menu_order":0,"comment_status":"closed","ping_status":"closed","template":"","meta":[],"_links":{"self":[{"href":"https:\/\/mers.uaz.edu.mx\/en\/wp-json\/wp\/v2\/pages\/303"}],"collection":[{"href":"https:\/\/mers.uaz.edu.mx\/en\/wp-json\/wp\/v2\/pages"}],"about":[{"href":"https:\/\/mers.uaz.edu.mx\/en\/wp-json\/wp\/v2\/types\/page"}],"author":[{"embeddable":true,"href":"https:\/\/mers.uaz.edu.mx\/en\/wp-json\/wp\/v2\/users\/1"}],"replies":[{"embeddable":true,"href":"https:\/\/mers.uaz.edu.mx\/en\/wp-json\/wp\/v2\/comments?post=303"}],"version-history":[{"count":21,"href":"https:\/\/mers.uaz.edu.mx\/en\/wp-json\/wp\/v2\/pages\/303\/revisions"}],"predecessor-version":[{"id":422,"href":"https:\/\/mers.uaz.edu.mx\/en\/wp-json\/wp\/v2\/pages\/303\/revisions\/422"}],"wp:attachment":[{"href":"https:\/\/mers.uaz.edu.mx\/en\/wp-json\/wp\/v2\/media?parent=303"}],"curies":[{"name":"wp","href":"https:\/\/api.w.org\/{rel}","templated":true}]}}