{"id":87,"date":"2020-11-25T00:18:28","date_gmt":"2020-11-25T00:18:28","guid":{"rendered":"https:\/\/mers.uaz.edu.mx\/?page_id=87"},"modified":"2022-09-21T18:10:37","modified_gmt":"2022-09-21T18:10:37","slug":"inicio","status":"publish","type":"page","link":"https:\/\/mers.uaz.edu.mx\/en\/inicio\/","title":{"rendered":"Home"},"content":{"rendered":"<p><strong>Mission<\/strong><\/p>\n\n\n\n<div class=\"wp-container-1 wp-block-group\"><div class=\"wp-block-group__inner-container\">\n<p class=\"has-text-justify\" style=\"text-align: justify;\">Train and update researchers and professionals so that they have the theoretical-methodological bases in the field of regional and sectoral economic analysis; with a critical vision, purposeful sense, values \u200b\u200band professional ethics, and identified with the social needs of their environment and respect for the environment and cultural diversity.<\/p>\n\n\n\n<p class=\"has-text-justify\" style=\"text-align: justify;\">As well as disseminate scientific research based on the improvement of investigative, cognitive and professional skills that contribute to the socioeconomic development of the country and its regions, with the purpose of strengthening the level of human development.<\/p>\n<\/div><\/div>\n\n\n\n<p><strong>Vision<\/strong><\/p>\n\n\n<p class=\"has-text-justify\" style=\"text-align: justify;\">To be a socially relevant academic program with a high level of excellence at the regional, national and international level, recognized for its contributions in the field of regional and sectoral studies, since by becoming a champion of training and research processes from the Based on a flexible and comprehensive model, it allows the generation of knowledge with a critical and proactive attitude, conceiving research as the axis of academic and social development.<\/p>\n\n\n<p><strong>Admission profile <\/strong><\/p>\n\n\n<p class=\"has-text-justify\" style=\"text-align: justify;\">Those interested in pursuing the Master's degree must be trained in the field of Economics and related sciences within the social-humanistic area, as well as show interest in updating and deepening their knowledge and, likewise, in getting involved in research projects. proposed within the lines developed by the Master that are of interest for their training within this field.\u00a0<\/p>\n\n\n<p><strong>Graduation profile<\/strong><\/p>\n\n\n<p class=\"has-text-justify\" style=\"text-align: justify;\">El egresado de la Maestr\u00eda ser\u00e1 capaz de:<br \/><br \/>Generate and apply new knowledge and lead individual and collective, systematic and original research, providing a better understanding of the problems in the field of Regional and sectoral Economics. Deepen the field of own research on some of the proposed topics in order to propose relevant solutions. Participate in academic research bodies, disciplinary groups and in individual or collective academic management activities derived from their ability to function in collegiate work. Participate in individual and collective publications, conferences, dialogues and essays where you demonstrate mastery of current methods and content on regional and sectoral issues. Advise and\/or direct theses or degree studies related to the field of regional and sectoral Economics, innovating in the methodological bases of the specific problem to be investigated. Interpret and transform their social reality from a critical and reflective conception, in the regional and sectoral economic reality.<\/p>","protected":false},"excerpt":{"rendered":"<p>Misi\u00f3n Formar y actualizar investigadores y profesionales para que cuenten con las bases te\u00f3rico-metodol\u00f3gicas en el campo del an\u00e1lisis econ\u00f3mico regional y sectorial; con una visi\u00f3n cr\u00edtica, sentido propositivo, valores y \u00e9tica profesional, e identificados con las necesidades sociales de su entorno y del respeto al medio ambiente y la diversidad cultural. As\u00ed como difundir &hellip; <\/p>\n<p class=\"link-more\"><a href=\"https:\/\/mers.uaz.edu.mx\/en\/inicio\/\" class=\"more-link\">Continue reading<span class=\"screen-reader-text\"> &#8220;Inicio&#8221;<\/span><\/a><\/p>","protected":false},"author":1,"featured_media":201,"parent":0,"menu_order":0,"comment_status":"closed","ping_status":"closed","template":"","meta":[],"_links":{"self":[{"href":"https:\/\/mers.uaz.edu.mx\/en\/wp-json\/wp\/v2\/pages\/87"}],"collection":[{"href":"https:\/\/mers.uaz.edu.mx\/en\/wp-json\/wp\/v2\/pages"}],"about":[{"href":"https:\/\/mers.uaz.edu.mx\/en\/wp-json\/wp\/v2\/types\/page"}],"author":[{"embeddable":true,"href":"https:\/\/mers.uaz.edu.mx\/en\/wp-json\/wp\/v2\/users\/1"}],"replies":[{"embeddable":true,"href":"https:\/\/mers.uaz.edu.mx\/en\/wp-json\/wp\/v2\/comments?post=87"}],"version-history":[{"count":6,"href":"https:\/\/mers.uaz.edu.mx\/en\/wp-json\/wp\/v2\/pages\/87\/revisions"}],"predecessor-version":[{"id":350,"href":"https:\/\/mers.uaz.edu.mx\/en\/wp-json\/wp\/v2\/pages\/87\/revisions\/350"}],"wp:featuredmedia":[{"embeddable":true,"href":"https:\/\/mers.uaz.edu.mx\/en\/wp-json\/wp\/v2\/media\/201"}],"wp:attachment":[{"href":"https:\/\/mers.uaz.edu.mx\/en\/wp-json\/wp\/v2\/media?parent=87"}],"curies":[{"name":"wp","href":"https:\/\/api.w.org\/{rel}","templated":true}]}}